{"id":5033,"date":"2022-03-09T14:01:07","date_gmt":"2022-03-09T19:01:07","guid":{"rendered":"https:\/\/wellesleyps.org\/whs\/?page_id=5033"},"modified":"2024-03-18T14:18:25","modified_gmt":"2024-03-18T18:18:25","slug":"spanish","status":"publish","type":"page","link":"https:\/\/wellesleyps.org\/whs\/senior-projects\/examples-of-past-senior-projects\/spanish\/","title":{"rendered":"Ideas y ejemplos de proyectos de cuarto medio (Senior)"},"content":{"rendered":"\n<p>Cada a\u00f1o hay estudiantes que est\u00e1n curiosos sobre los proyectos antepasados de cuarto medio y nuevas ideas. Lo siguiente es una lista corta de los proyectos m\u00e1s interesantes, exitosos, e impactantes. Tal vez uno de los proyectos pasados va a inspirar a que participes en perseguir un sue\u00f1o, b\u00fasqueda, actividad o aventura que no hab\u00edas tenido oportunidad antes.<\/p>\n\n\n\n<p>Aqu\u00ed hay un sitio web que tambi\u00e9n puede conectarlo con oportunidades de voluntariado y posibles pasant\u00edas. Aseg\u00farese de indicar su ubicaci\u00f3n cuando busque.<\/p>\n\n\n\n<figure class=\"wp-block-embed\"><div class=\"wp-block-embed__wrapper\">\nhttps:\/\/www.volunteermatch.org\/\n<\/div><\/figure>\n\n\n\n<h3 class=\"wp-block-heading\">Pr\u00e1cticas y Proyectos Personales<\/h3>\n\n\n\n<ul class=\"wp-block-list\">\n<li><span style=\"font-weight: 400;\">Departamento de Polic\u00eda de Wellesley<\/span><\/li>\n\n\n\n<li><span style=\"font-weight: 400;\">Escuela Primrose de Natick<\/span><\/li>\n\n\n\n<li><span style=\"font-weight: 400;\">Club de ni\u00f1os y ni\u00f1as de Boston de Am\u00e9rica<\/span><\/li>\n\n\n\n<li><span style=\"font-weight: 400;\">Hoteles en Boston<\/span><\/li>\n\n\n\n<li><span style=\"font-weight: 400;\">Investigaci\u00f3n del C\u00e1ncer, Hospital de Ni\u00f1os<\/span><\/li>\n\n\n\n<li><span style=\"font-weight: 400;\">Veterinario<\/span><\/li>\n\n\n\n<li><span style=\"font-weight: 400;\">Aquario de New England<\/span><\/li>\n\n\n\n<li><span style=\"font-weight: 400;\">Los \u201cBoston Celtics\u201d<\/span><\/li>\n\n\n\n<li><span style=\"font-weight: 400;\">Estacion de Television NECN<\/span><\/li>\n\n\n\n<li><span style=\"font-weight: 400;\">98.5 FM Estaci\u00f3n de Radio<\/span><\/li>\n\n\n\n<li><span style=\"font-weight: 400;\">Comision Juvenil de Wellesley&nbsp;<\/span><\/li>\n\n\n\n<li><span style=\"font-weight: 400;\">Wellesley Dia de Servicio<\/span><\/li>\n\n\n\n<li><span style=\"font-weight: 400;\">Guerreros Heridos<\/span><\/li>\n\n\n\n<li><span style=\"font-weight: 400;\">\u201cPriceWaterhouseCoopers\u201d<\/span><\/li>\n\n\n\n<li><span style=\"font-weight: 400;\">Asistente de profesor\/a en escuela primaria, secundaria, o preparatoria<\/span><\/li>\n\n\n\n<li><span style=\"font-weight: 400;\">Oficina de Ley<\/span><\/li>\n\n\n\n<li><span style=\"font-weight: 400;\">Centro de Maternidad en el Hospital<\/span><\/li>\n\n\n\n<li><span style=\"font-weight: 400;\">\u201cLilly Pulitzer\u201d<\/span><\/li>\n\n\n\n<li><span style=\"font-weight: 400;\">\u201cBoston Lyric Company\u201d<\/span><\/li>\n\n\n\n<li><span style=\"font-weight: 400;\">G\u00e9nesis en la Universidad de Brandeis<\/span><\/li>\n\n\n\n<li><span style=\"font-weight: 400;\">Portafolio de escritura<\/span><\/li>\n\n\n\n<li><span style=\"font-weight: 400;\">Desfile de modas de EA Davis<\/span><\/li>\n\n\n\n<li><span style=\"font-weight: 400;\">Construir bancos de Adirondack<\/span><\/li>\n\n\n\n<li><span style=\"font-weight: 400;\">Producir CD Vocal<\/span><\/li>\n\n\n\n<li><span style=\"font-weight: 400;\">Navegando Newport a las Bermudas<\/span><\/li>\n\n\n\n<li><span style=\"font-weight: 400;\">Proyectos de servicio comunitario quincenales de Child Lab<\/span><\/li>\n\n\n\n<li><span style=\"font-weight: 400;\">Int\u00e9rprete de coreano<\/span><\/li>\n\n\n\n<li><span style=\"font-weight: 400;\">Restauraci\u00f3n de Autom\u00f3viles Cl\u00e1sicos<\/span><\/li>\n\n\n\n<li><span style=\"font-weight: 400;\">Programa de ayuda de Mississippi<\/span><\/li>\n\n\n\n<li><span style=\"font-weight: 400;\">Licencia de piloto de la base a\u00e9rea de Hanscom<\/span><\/li>\n\n\n\n<li><span style=\"font-weight: 400;\">Manual de capacitaci\u00f3n de pares ADL<\/span><\/li>\n\n\n\n<li><span style=\"font-weight: 400;\">Concierto para flauta<\/span><\/li>\n\n\n\n<li><span style=\"font-weight: 400;\">Sud\u00e1frica<\/span><\/li>\n\n\n\n<li><span style=\"font-weight: 400;\">Presentaci\u00f3n de diapositivas y video para personas mayores<\/span><\/li>\n<\/ul>\n\n\n\n<hr class=\"wp-block-separator has-text-color has-black-color has-css-opacity has-black-background-color has-background aligncenter\"\/>\n\n\n\n<div class=\"wp-block-columns is-layout-flex wp-container-core-columns-is-layout-28f84493 wp-block-columns-is-layout-flex\">\n<div class=\"wp-block-column is-layout-flow wp-block-column-is-layout-flow\" style=\"flex-basis:10%\">\n<figure class=\"wp-block-image size-large is-resized\"><img decoding=\"async\" src=\"https:\/\/wellesleyps.org\/wp-content\/uploads\/2021\/03\/512px-WPS_Translate_logo.png\" alt=\"Translation Icon\" class=\"wp-image-8231\" style=\"width:75px;height:75px\"\/><\/figure>\n<\/div>\n\n\n\n<div class=\"wp-block-column is-layout-flow wp-block-column-is-layout-flow\" style=\"flex-basis:90%\">\n<p class=\"has-text-align-center\">This document was translated with pride by WPS volunteer students and edited by volunteer parents as a service to our community.\u00a0 If you have comments, compliments, or would like to contribute, please contact us at <a href=\"https:\/\/wellesleyps.org\/whs\/staff-directory\/name\/devon-ellis\/\" title=\"Devon Ellis\">Devon Ellis<\/a>.<br>Este documento fue traducido con orgullo por los estudiantes voluntarios de WPS y editado por padres voluntarios como un servicio a nuestra comunidad. Si tienecomentarios, elogios o desea contribuir, cont\u00e1ctenos en\u00a0<a href=\"https:\/\/wellesleyps.org\/whs\/staff-directory\/name\/devon-ellis\/\" title=\"Devon Ellis\">Devon Ellis<\/a>.<\/p>\n\n\n\n<p class=\"has-text-align-center\"><a href=\"https:\/\/wellesleyps.org\/whs\/students\/complete-list-of-clubs\/name\/translation-club\/\">WHS Translation Club<\/a><\/p>\n<\/div>\n<\/div>\n","protected":false},"excerpt":{"rendered":"<p>Cada a\u00f1o hay estudiantes que est\u00e1n curiosos sobre los proyectos antepasados de cuarto medio y nuevas ideas. Lo siguiente es una lista corta de los proyectos m\u00e1s interesantes, exitosos, e impactantes. Tal vez uno de los proyectos pasados va a&hellip; <a class=\"continue\" href=\"https:\/\/wellesleyps.org\/whs\/senior-projects\/examples-of-past-senior-projects\/spanish\/\">Continue reading <span> Ideas y ejemplos de proyectos de cuarto medio (Senior)<\/span><\/a><\/p>\n","protected":false},"author":5,"featured_media":0,"parent":833,"menu_order":0,"comment_status":"closed","ping_status":"closed","template":"","meta":{"_cbd_carousel_blocks":"[]","_monsterinsights_skip_tracking":false,"_monsterinsights_sitenote_active":false,"_monsterinsights_sitenote_note":"","_monsterinsights_sitenote_category":0,"footnotes":""},"class_list":["post-5033","page","type-page","status-publish","hentry","","tg-column-two"],"aioseo_notices":[],"publishpress_future_action":{"enabled":false,"date":"2026-06-06 12:31:20","action":"change-status","newStatus":"draft","terms":[],"taxonomy":"","extraData":[]},"publishpress_future_workflow_manual_trigger":{"enabledWorkflows":[]},"_links":{"self":[{"href":"https:\/\/wellesleyps.org\/whs\/wp-json\/wp\/v2\/pages\/5033","targetHints":{"allow":["GET"]}}],"collection":[{"href":"https:\/\/wellesleyps.org\/whs\/wp-json\/wp\/v2\/pages"}],"about":[{"href":"https:\/\/wellesleyps.org\/whs\/wp-json\/wp\/v2\/types\/page"}],"author":[{"embeddable":true,"href":"https:\/\/wellesleyps.org\/whs\/wp-json\/wp\/v2\/users\/5"}],"replies":[{"embeddable":true,"href":"https:\/\/wellesleyps.org\/whs\/wp-json\/wp\/v2\/comments?post=5033"}],"version-history":[{"count":5,"href":"https:\/\/wellesleyps.org\/whs\/wp-json\/wp\/v2\/pages\/5033\/revisions"}],"predecessor-version":[{"id":6549,"href":"https:\/\/wellesleyps.org\/whs\/wp-json\/wp\/v2\/pages\/5033\/revisions\/6549"}],"up":[{"embeddable":true,"href":"https:\/\/wellesleyps.org\/whs\/wp-json\/wp\/v2\/pages\/833"}],"wp:attachment":[{"href":"https:\/\/wellesleyps.org\/whs\/wp-json\/wp\/v2\/media?parent=5033"}],"curies":[{"name":"wp","href":"https:\/\/api.w.org\/{rel}","templated":true}]}}