{"id":616,"date":"2016-06-15T12:06:10","date_gmt":"2016-06-15T16:06:10","guid":{"rendered":"https:\/\/wellesleyps.org\/whs\/?page_id=616"},"modified":"2022-03-03T16:17:37","modified_gmt":"2022-03-03T21:17:37","slug":"directions","status":"publish","type":"page","link":"https:\/\/wellesleyps.org\/whs\/directions\/","title":{"rendered":"Directions"},"content":{"rendered":"<p><iframe loading=\"lazy\" style=\"border: 0;\" src=\"https:\/\/www.google.com\/maps\/embed?pb=!1m18!1m12!1m3!1d2950.9054227014003!2d-71.28134374952403!3d42.301883446664895!2m3!1f0!2f0!3f0!3m2!1i1024!2i768!4f13.1!3m3!1m2!1s0x89e380c92ae6e11b%3A0x5a4ea1b2c12b6025!2sWellesley+High+School!5e0!3m2!1sen!2sus!4v1493828516984\" width=\"600\" height=\"450\" frameborder=\"0\" allowfullscreen=\"allowfullscreen\"><\/iframe><\/p>\n<p>For directions to WHS, click on the school icon and select Directions from the pop-up menu.<\/p>\n<ul>\n<li><strong><a href=\"https:\/\/wellesleyps.org\/athletics\/directions\/\">Directions to Athletic Facilities<\/a><\/strong><\/li>\n<li><strong><a href=\"https:\/\/wellesleyps.org\/district-information\/directions\/\">Directions to other Wellesley Public Schools buildings<\/a><\/strong><\/li>\n<\/ul>\n<h3>WHS Parking &amp; Traffic Patterns<\/h3>\n<p><strong>&nbsp; <img loading=\"lazy\" decoding=\"async\" class=\"alignnone\" src=\"https:\/\/wellesleyps.org\/wp-content\/uploads\/2021\/03\/512px-WPS_Translate_logo.png\" alt=\"WPS Translation Club\" width=\"18\" height=\"28\">&nbsp; <a href=\"https:\/\/wellesleyps.org\/whs\/wp-content\/uploads\/sites\/17\/2022\/03\/Parking-lot-translation-CHI.png\" target=\"_blank\" rel=\"noopener\">\u4e2d\u6587<\/a> \u2022 <a href=\"https:\/\/wellesleyps.org\/whs\/wp-content\/uploads\/sites\/17\/2022\/03\/Parking-lot-translation-SPA.png\" target=\"_blank\" rel=\"noopener\">Espa\u00f1ol<\/a> \u2022 <a href=\"https:\/\/wellesleyps.org\/whs\/wp-content\/uploads\/sites\/17\/2022\/03\/Parking-lot-translation-FRE.png\" target=\"_blank\" rel=\"noopener\">Fran\u00e7ais<\/a> \u2022 <a href=\"https:\/\/wellesleyps.org\/whs\/wp-content\/uploads\/sites\/17\/2022\/03\/Parking-lot-translation-KOR.png\" target=\"_blank\" rel=\"noopener\">\ud55c\uad6d\uc5b4<\/a><\/strong><\/p>\n<p><img loading=\"lazy\" decoding=\"async\" class=\"alignnone wp-image-4509 size-full\" src=\"https:\/\/wellesleyps.org\/whs\/wp-content\/uploads\/sites\/17\/2021\/04\/Parking-DropOff-Procedures_April2021.png\" alt=\"WHS Traffic Flow Patterns\" width=\"1600\" height=\"1255\" srcset=\"https:\/\/wellesleyps.org\/whs\/wp-content\/uploads\/sites\/17\/2021\/04\/Parking-DropOff-Procedures_April2021.png 1600w, https:\/\/wellesleyps.org\/whs\/wp-content\/uploads\/sites\/17\/2021\/04\/Parking-DropOff-Procedures_April2021-300x235.png 300w, https:\/\/wellesleyps.org\/whs\/wp-content\/uploads\/sites\/17\/2021\/04\/Parking-DropOff-Procedures_April2021-1024x803.png 1024w, https:\/\/wellesleyps.org\/whs\/wp-content\/uploads\/sites\/17\/2021\/04\/Parking-DropOff-Procedures_April2021-150x118.png 150w, https:\/\/wellesleyps.org\/whs\/wp-content\/uploads\/sites\/17\/2021\/04\/Parking-DropOff-Procedures_April2021-1536x1205.png 1536w\" sizes=\"auto, (max-width: 1600px) 100vw, 1600px\" \/><\/p>\n\n\n<figure class=\"wp-block-image size-full\"><img loading=\"lazy\" decoding=\"async\" width=\"960\" height=\"540\" src=\"https:\/\/wellesleyps.org\/whs\/wp-content\/uploads\/sites\/17\/2022\/03\/Parking-lot-translation-CHI.png\" alt=\"\" class=\"wp-image-5001\" srcset=\"https:\/\/wellesleyps.org\/whs\/wp-content\/uploads\/sites\/17\/2022\/03\/Parking-lot-translation-CHI.png 960w, https:\/\/wellesleyps.org\/whs\/wp-content\/uploads\/sites\/17\/2022\/03\/Parking-lot-translation-CHI-300x169.png 300w, https:\/\/wellesleyps.org\/whs\/wp-content\/uploads\/sites\/17\/2022\/03\/Parking-lot-translation-CHI-150x84.png 150w\" sizes=\"auto, (max-width: 960px) 100vw, 960px\" \/><figcaption>\u4e2d\u6587 (Chinese)<\/figcaption><\/figure>\n\n\n\n<figure class=\"wp-block-image size-full\"><img loading=\"lazy\" decoding=\"async\" width=\"960\" height=\"540\" src=\"https:\/\/wellesleyps.org\/whs\/wp-content\/uploads\/sites\/17\/2022\/03\/Parking-lot-translation-SPA.png\" alt=\"\" class=\"wp-image-5002\" srcset=\"https:\/\/wellesleyps.org\/whs\/wp-content\/uploads\/sites\/17\/2022\/03\/Parking-lot-translation-SPA.png 960w, https:\/\/wellesleyps.org\/whs\/wp-content\/uploads\/sites\/17\/2022\/03\/Parking-lot-translation-SPA-300x169.png 300w, https:\/\/wellesleyps.org\/whs\/wp-content\/uploads\/sites\/17\/2022\/03\/Parking-lot-translation-SPA-150x84.png 150w\" sizes=\"auto, (max-width: 960px) 100vw, 960px\" \/><figcaption>Espa\u00f1ol (Spanish)<\/figcaption><\/figure>\n\n\n\n<figure class=\"wp-block-image size-full\"><img loading=\"lazy\" decoding=\"async\" width=\"960\" height=\"540\" src=\"https:\/\/wellesleyps.org\/whs\/wp-content\/uploads\/sites\/17\/2022\/03\/Parking-lot-translation-FRE.png\" alt=\"\" class=\"wp-image-5003\" srcset=\"https:\/\/wellesleyps.org\/whs\/wp-content\/uploads\/sites\/17\/2022\/03\/Parking-lot-translation-FRE.png 960w, https:\/\/wellesleyps.org\/whs\/wp-content\/uploads\/sites\/17\/2022\/03\/Parking-lot-translation-FRE-300x169.png 300w, https:\/\/wellesleyps.org\/whs\/wp-content\/uploads\/sites\/17\/2022\/03\/Parking-lot-translation-FRE-150x84.png 150w\" sizes=\"auto, (max-width: 960px) 100vw, 960px\" \/><figcaption>Fran\u00e7ais (French)<\/figcaption><\/figure>\n\n\n\n<figure class=\"wp-block-image size-full\"><img loading=\"lazy\" decoding=\"async\" width=\"960\" height=\"540\" src=\"https:\/\/wellesleyps.org\/whs\/wp-content\/uploads\/sites\/17\/2022\/03\/Parking-lot-translation-KOR.png\" alt=\"\" class=\"wp-image-5004\" srcset=\"https:\/\/wellesleyps.org\/whs\/wp-content\/uploads\/sites\/17\/2022\/03\/Parking-lot-translation-KOR.png 960w, https:\/\/wellesleyps.org\/whs\/wp-content\/uploads\/sites\/17\/2022\/03\/Parking-lot-translation-KOR-300x169.png 300w, https:\/\/wellesleyps.org\/whs\/wp-content\/uploads\/sites\/17\/2022\/03\/Parking-lot-translation-KOR-150x84.png 150w\" sizes=\"auto, (max-width: 960px) 100vw, 960px\" \/><figcaption>\ud55c\uad6d\uc5b4 (Korean)<\/figcaption><\/figure>\n\n\n\n<hr class=\"wp-block-separator\"\/>\n\n\n\n<div class=\"wp-block-columns is-layout-flex wp-container-core-columns-is-layout-28f84493 wp-block-columns-is-layout-flex\">\n<div class=\"wp-block-column is-layout-flow wp-block-column-is-layout-flow\" style=\"flex-basis:10%\">\n<figure class=\"wp-block-image size-large is-resized\"><img loading=\"lazy\" decoding=\"async\" src=\"https:\/\/wellesleyps.org\/wp-content\/uploads\/2021\/03\/512px-WPS_Translate_logo.png\" alt=\"Translation Icon\" class=\"wp-image-8231\" width=\"75\" height=\"75\"\/><\/figure>\n<\/div>\n\n\n\n<div class=\"wp-block-column is-layout-flow wp-block-column-is-layout-flow\" style=\"flex-basis:90%\">\n<p class=\"has-text-align-center\">This document was translated with pride by WPS volunteer students and edited by volunteer parents as a service to our community.&nbsp; If you have comments, compliments, or would like to contribute, please contact us at lukitosaris@wellesleyps.org.<br>\u4ee5\u4e0a\u6587\u5b57\u7531\u97e6\u5c14\u65af\u5229\u516c\u7acb\u5b66\u6821\u7684\u5b66\u751f\u5fd7\u613f\u8005\u7ffb\u8bd1\uff0c\u5e76\u7531\u5bb6\u957f\u5fd7\u613f\u8005\u7f16\u8f91\u5b8c\u6210\uff0c\u4ee5\u671f\u670d\u52a1\u793e\u533a\u3002\u5982\u679c\u60a8\u6709\u4efb\u4f55\u5efa\u8bae\uff0c\u9f13\u52b1\uff0c\u6216\u60f3\u63d0\u4f9b\u4efb\u4f55\u5f62\u5f0f\u7684\u5e2e\u52a9\uff0c\u8bf7\u53d1\u90ae\u4ef6\u8054\u7cfb\u6211\u4eec\u3002\u90ae\u4ef6\u5730\u5740\u662flukitosaris@wellesleyps.org\u3002<br>Este documento fue traducido con orgullo por los estudiantes voluntarios de WPS y editado por padres voluntarios como un servicio a nuestra comunidad. Si tienecomentarios, elogios o desea contribuir, cont\u00e1ctenos en&nbsp;lukitosaris@wellesleyps.org.<br>\uc774\ubb38\uc11c\ub294&nbsp;WPS&nbsp;\uc790\uc6d0\ubd09\uc0ac\ud559\uc0dd\ub4e4\uc5d0\uc758\ud574\ubc88\uc5ed\ub418\uc5c8\uc73c\uba70,&nbsp;\uc790\uc6d0\ubd09\uc0ac\ud559\ubd80\ubaa8\ub4e4\uc774\uc6b0\ub9ac\uc9c0\uc5ed\uc0ac\ud68c\ub97c\uc704\ud55c\ubd09\uc0ac\ud65c\ub3d9\uc73c\ub85c\ud3b8\uc9d1\ud588\uc2b5\ub2c8\ub2e4.&nbsp;\uc758\uacac\uc774\uc788\uc73c\uc2dc\uac70\ub098\uae30\uc5ec\ud558\uace0\uc2f6\uc73c\uc2dc\ub2e4\uba74lukitosaris@wellesleyps.org\ub85c\ubb38\uc758\ud558\uc2ed\uc2dc\uc624.<br>Le document a \u00e9t\u00e9 traduit avec amour-propre par des \u00e9l\u00e8ves b\u00e9n\u00e9voles et a \u00e9t\u00e9 modifi\u00e9 par des parents b\u00e9n\u00e9voles au service de notre communaut\u00e9. Si vous avez des commentaires, plaintes, ou vous souhaitez contribuer, contactez nous s\u2019il vous pla\u00eet&nbsp;&nbsp;&nbsp;\u00e0&nbsp;lukitosaris@wellesleyps.org.<\/p>\n<\/div>\n<\/div>\n","protected":false},"excerpt":{"rendered":"<p>For directions to WHS, click on the school icon and select Directions from the pop-up menu. Directions to Athletic Facilities Directions to other Wellesley Public Schools buildings WHS Parking &amp; Traffic Patterns &nbsp; &nbsp; \u4e2d\u6587 \u2022 Espa\u00f1ol \u2022 Fran\u00e7ais \u2022&hellip; <a class=\"continue\" href=\"https:\/\/wellesleyps.org\/whs\/directions\/\">Continue reading <span> Directions<\/span><\/a><\/p>\n","protected":false},"author":5,"featured_media":0,"parent":0,"menu_order":0,"comment_status":"closed","ping_status":"closed","template":"","meta":{"_cbd_carousel_blocks":"[]","_monsterinsights_skip_tracking":false,"_monsterinsights_sitenote_active":false,"_monsterinsights_sitenote_note":"","_monsterinsights_sitenote_category":0,"footnotes":""},"class_list":["post-616","page","type-page","status-publish","hentry","","tg-column-two"],"aioseo_notices":[],"publishpress_future_action":{"enabled":false,"date":"2026-05-14 05:27:18","action":"change-status","newStatus":"draft","terms":[],"taxonomy":"","extraData":[]},"publishpress_future_workflow_manual_trigger":{"enabledWorkflows":[]},"_links":{"self":[{"href":"https:\/\/wellesleyps.org\/whs\/wp-json\/wp\/v2\/pages\/616","targetHints":{"allow":["GET"]}}],"collection":[{"href":"https:\/\/wellesleyps.org\/whs\/wp-json\/wp\/v2\/pages"}],"about":[{"href":"https:\/\/wellesleyps.org\/whs\/wp-json\/wp\/v2\/types\/page"}],"author":[{"embeddable":true,"href":"https:\/\/wellesleyps.org\/whs\/wp-json\/wp\/v2\/users\/5"}],"replies":[{"embeddable":true,"href":"https:\/\/wellesleyps.org\/whs\/wp-json\/wp\/v2\/comments?post=616"}],"version-history":[{"count":20,"href":"https:\/\/wellesleyps.org\/whs\/wp-json\/wp\/v2\/pages\/616\/revisions"}],"predecessor-version":[{"id":5012,"href":"https:\/\/wellesleyps.org\/whs\/wp-json\/wp\/v2\/pages\/616\/revisions\/5012"}],"wp:attachment":[{"href":"https:\/\/wellesleyps.org\/whs\/wp-json\/wp\/v2\/media?parent=616"}],"curies":[{"name":"wp","href":"https:\/\/api.w.org\/{rel}","templated":true}]}}