{"id":6542,"date":"2024-03-18T14:29:08","date_gmt":"2024-03-18T18:29:08","guid":{"rendered":"https:\/\/wellesleyps.org\/whs\/?page_id=6542"},"modified":"2024-03-18T14:29:31","modified_gmt":"2024-03-18T18:29:31","slug":"spanish","status":"publish","type":"page","link":"https:\/\/wellesleyps.org\/whs\/students\/whs-available-supports\/nurses-office\/spanish\/","title":{"rendered":"Oficina de Enfermer\u00eda"},"content":{"rendered":"\n<p>ENLACE: <a href=\"https:\/\/sites.google.com\/wellesleyps.org\/nursing\/\">Haga clic para ver el sitio web de Enfermer\u00eda<\/a><\/p>\n\n\n\n<h3 class=\"wp-block-heading\">Informaci\u00f3n de contacto:<\/h3>\n\n\n<div id=\"cn-top\" style=\"position: absolute; top: 0; right: 0;\"><\/div><div class=\"cn-list\" id=\"cn-list\" data-connections-version=\"10.4.66-0.7\"><div class=\"cn-template cn-cmap\" id=\"cn-cmap\" data-template-version=\"5.6\"><div class=\"cn-list-head\">\n<ul class=\"cn-list-actions\">\n\t<li class=\"cn-list-action-item\" id=\"cn-list-action-view_all\"><a rel=\"canonical\" href=\"https:\/\/wellesleyps.org\/whs\/staff-directory\/view\/all\/\">View All<\/a><\/li>\n<\/ul>\n\n\n<form class=\"cn-form\" id=\"cn-cat-select\" method=\"get\"><\/form><\/div>\n<div class=\"cn-list-body\" id=\"cn-list-body\">\n<div class=\"cn-list-row cn-list-item vcard individual nursing\" id=\"krisann-miller\" data-entry-type=\"individual\" data-entry-id=\"739\" data-entry-slug=\"krisann-miller\"><div id=\"entry-id-73969de996b62e4a\" class=\"cn-entry cn-entry-cmap-card\" style=\"background-color: #f3f3f3;border: 1px solid #E3E3E3;border-radius: 4px;margin: 8px 0;padding: 10px;position: relative\">\n\n\t<div class=\"cn-left\" style=\"margin-right: 20px\">\n\n\t\t\n\t<\/div> <!-- \/.cn-left -->\n\n\t<div class=\"cn-right\">\n\n\t\t<div style=\"margin-bottom: 5px;\">\n\n\t\t\t<h2><a title=\"Krisann Miller\" href=\"https:\/\/wellesleyps.org\/whs\/staff-directory\/name\/krisann-miller\/\"><span class=\"fn n notranslate\"> <span class=\"given-name\">Krisann<\/span> <span class=\"family-name\">Miller<\/span><\/span><\/a>\n<\/h2>\n\t\t\t\n\t\t<\/div>\n\n\t\t<span class=\"phone-number-block\">\n<span class=\"tel cn-phone-number cn-phone-number-type-workphone\"><span class=\"phone-name\">Phone<\/span><span class=\"cn-separator\">:<\/span> <a class=\"value\" href=\"tel:781-446-6290%20;4610\" value=\"78144662904610\">781-446-6290 ;4610<\/a><span class=\"type\" style=\"display: none;\">work<\/span><\/span>\n<\/span>\n<span class=\"email-address-block\">\n<span class=\"email cn-email-address\"><span class=\"email-name\">Email<\/span><span class=\"cn-separator\">:<\/span> <span class=\"email-address\"><a class=\"value\" title=\"Krisann Miller work email.\" href=\"mailto:millerk@wellesleyps.org\">millerk@wellesleyps.org<\/a><\/span><span class=\"type\" style=\"display: none;\">INTERNET<\/span><\/span>\n<\/span>\n\t<\/div><!-- \/.cn-right -->\n\n\t<div class=\"cn-clear\"><\/div>\n\n\t<div class=\"cn-entry-content-block-list\"><div class=\"cn-entry-content-block cn-entry-content-block-meta\" id=\"cn-entry-content-block-krisann-miller-1\"><h3>Custom Metadata Fields<\/h3><ul class=\"cn-entry-meta\"><li><span class=\"cn-entry-meta-key\">Name of Student Board Members: <\/span><span class=\"cn-entry-meta-value\"><\/span><\/li>\n<li><span class=\"cn-entry-meta-key\">Schedule: <\/span><span class=\"cn-entry-meta-value\"><\/span><\/li>\n<li><span class=\"cn-entry-meta-key\">Description: <\/span><span class=\"cn-entry-meta-value\"><\/span><\/li>\n<\/ul>\n\n<\/div>\n<\/div>\n\n\n\t<div class=\"cn-clear\" style=\"display:table;margin: 10px 0;width:100%;\">\n\t\t<div style=\"display:table-cell;vertical-align:middle;\">\n\t\t\t<div class=\"cn-categories\"><span class=\"cn_category_label\">Categories:<\/span> <span class=\"cn-category-name cn_category cn-category-5 cn-category-nursing\">Nursing<\/span><\/div>\n\t\t<\/div>\n\t\t<div style=\"display:table-cell;text-align:right;vertical-align:middle;\">\n\t\t\t\t\t<\/div>\n\t<\/div>\n\n\t<div class=\"cn-tray-links\">\n\n\t\t<div class=\"cn-left\">\n\t\t\t\t\t<\/div> <!-- \/.cn-left -->\n\n\t\t<div class=\"cn-right\">\n\t\t\t<span class=\"cn-return-to-top\"><a href=\"#cn-top\" title=\"Return to top.\"><img decoding=\"async\" src=\"https:\/\/wellesleyps.org\/whs\/wp-content\/plugins\/connections\/assets\/images\/uparrow.gif\" alt=\"Return to top.\"\/><\/a><\/span>\n\n\t\t<\/div> <!-- \/.cn-right -->\n\t<\/div> <!-- \/.cn-tray-links -->\n\n\t<div class=\"cn-clear\"><\/div>\n\n\t<div class=\"cn-content-tray\">\n\t\t\n\t\t\n\t\t\t<\/div> <!-- \/.cn-content-tray -->\n<\/div>\n\n<\/div>\n<div class=\"cn-list-row-alternate cn-list-item vcard individual nursing\" id=\"pam-sheridan\" data-entry-type=\"individual\" data-entry-id=\"573\" data-entry-slug=\"pam-sheridan\"><div id=\"entry-id-57369de996b67623\" class=\"cn-entry cn-entry-cmap-card\" style=\"background-color: #f3f3f3;border: 1px solid #E3E3E3;border-radius: 4px;margin: 8px 0;padding: 10px;position: relative\">\n\n\t<div class=\"cn-left\" style=\"margin-right: 20px\">\n\n\t\t\n\t<\/div> <!-- \/.cn-left -->\n\n\t<div class=\"cn-right\">\n\n\t\t<div style=\"margin-bottom: 5px;\">\n\n\t\t\t<h2><a title=\"Pam Sheridan\" href=\"https:\/\/wellesleyps.org\/whs\/staff-directory\/name\/pam-sheridan\/\"><span class=\"fn n notranslate\"> <span class=\"given-name\">Pam<\/span> <span class=\"family-name\">Sheridan<\/span><\/span><\/a>\n<\/h2>\n\t\t\t\n\t\t<\/div>\n\n\t\t<span class=\"phone-number-block\">\n<span class=\"tel cn-phone-number cn-phone-number-type-workphone\"><span class=\"phone-name\">Phone<\/span><span class=\"cn-separator\">:<\/span> <a class=\"value\" href=\"tel:781-446-6290%20;4611\" value=\"78144662904611\">781-446-6290 ;4611<\/a><span class=\"type\" style=\"display: none;\">work<\/span><\/span>\n<\/span>\n<span class=\"email-address-block\">\n<span class=\"email cn-email-address\"><span class=\"email-name\">Email<\/span><span class=\"cn-separator\">:<\/span> <span class=\"email-address\"><a class=\"value\" title=\"Pam Sheridan work email.\" href=\"mailto:sheridanp@wellesleyps.org\">sheridanp@wellesleyps.org<\/a><\/span><span class=\"type\" style=\"display: none;\">INTERNET<\/span><\/span>\n<\/span>\n\t<\/div><!-- \/.cn-right -->\n\n\t<div class=\"cn-clear\"><\/div>\n\n\t<div class=\"cn-entry-content-block-list\"><div class=\"cn-entry-content-block cn-entry-content-block-meta\" id=\"cn-entry-content-block-pam-sheridan-1\"><h3>Custom Metadata Fields<\/h3><ul class=\"cn-entry-meta\"><li><span class=\"cn-entry-meta-key\">Name of Student Board Members: <\/span><span class=\"cn-entry-meta-value\"><\/span><\/li>\n<li><span class=\"cn-entry-meta-key\">Schedule: <\/span><span class=\"cn-entry-meta-value\"><\/span><\/li>\n<li><span class=\"cn-entry-meta-key\">Description: <\/span><span class=\"cn-entry-meta-value\"><\/span><\/li>\n<\/ul>\n\n<\/div>\n<\/div>\n\n\n\t<div class=\"cn-clear\" style=\"display:table;margin: 10px 0;width:100%;\">\n\t\t<div style=\"display:table-cell;vertical-align:middle;\">\n\t\t\t<div class=\"cn-categories\"><span class=\"cn_category_label\">Categories:<\/span> <span class=\"cn-category-name cn_category cn-category-5 cn-category-nursing\">Nursing<\/span><\/div>\n\t\t<\/div>\n\t\t<div style=\"display:table-cell;text-align:right;vertical-align:middle;\">\n\t\t\t\t\t<\/div>\n\t<\/div>\n\n\t<div class=\"cn-tray-links\">\n\n\t\t<div class=\"cn-left\">\n\t\t\t\t\t<\/div> <!-- \/.cn-left -->\n\n\t\t<div class=\"cn-right\">\n\t\t\t<span class=\"cn-return-to-top\"><a href=\"#cn-top\" title=\"Return to top.\"><img decoding=\"async\" src=\"https:\/\/wellesleyps.org\/whs\/wp-content\/plugins\/connections\/assets\/images\/uparrow.gif\" alt=\"Return to top.\"\/><\/a><\/span>\n\n\t\t<\/div> <!-- \/.cn-right -->\n\t<\/div> <!-- \/.cn-tray-links -->\n\n\t<div class=\"cn-clear\"><\/div>\n\n\t<div class=\"cn-content-tray\">\n\t\t\n\t\t\n\t\t\t<\/div> <!-- \/.cn-content-tray -->\n<\/div>\n\n<\/div>\n<\/div>\n<div class=\"cn-list-foot\">\n\n<\/div>\n\n<\/div>\n\n<\/div>\n\n\n\n<h3 class=\"wp-block-heading\">Ubicada en WHS:<\/h3>\n\n\n\n<p>Sala 107<\/p>\n\n\n\n<h3 class=\"wp-block-heading\">\u00bfQu\u00e9 servicios proporcionamos?<\/h3>\n\n\n\n<p>La oficina de enfermer\u00eda en la escuela secundaria est\u00e1 atendida por dos enfermeras a tiempo completo con varios a\u00f1os de experiencia en enfermer\u00eda escolar. Ubicada en la Sala 107, la oficina de enfermer\u00eda est\u00e1 centralmente ubicada justo detr\u00e1s de la Oficina Principal en el primer piso. Las enfermeras escolares atienden a los estudiantes a lo largo del d\u00eda escolar por diversas razones, que incluyen la gesti\u00f3n de lesiones y enfermedades, as\u00ed como problemas sociales y emocionales.<\/p>\n\n\n\n<p>Reconociendo la naturaleza delicada de muchos problemas de los estudiantes, la disposici\u00f3n de la oficina de enfermer\u00eda permite la confidencialidad, conversaciones privadas y descanso cuando es necesario. Las enfermeras escolares trabajan en colaboraci\u00f3n con muchos otros departamentos en la escuela secundaria y derivan a los estudiantes a otros recursos tanto dentro como fuera de la escuela.<\/p>\n\n\n\n<p>El objetivo de cualquier encuentro estudiantil en la oficina de enfermer\u00eda es apoyar al estudiante para que pueda regresar al aula listo para aprender.<\/p>\n\n\n\n<hr class=\"wp-block-separator has-alpha-channel-opacity\"\/>\n\n\n\n<div class=\"wp-block-columns is-layout-flex wp-container-core-columns-is-layout-28f84493 wp-block-columns-is-layout-flex\">\n<div class=\"wp-block-column is-layout-flow wp-block-column-is-layout-flow\" style=\"flex-basis:10%\">\n<figure class=\"wp-block-image size-large is-resized\"><img decoding=\"async\" src=\"https:\/\/wellesleyps.org\/wp-content\/uploads\/2021\/03\/512px-WPS_Translate_logo.png\" alt=\"Translation Icon\" class=\"wp-image-8231\" style=\"width:75px;height:75px\"\/><\/figure>\n<\/div>\n\n\n\n<div class=\"wp-block-column is-layout-flow wp-block-column-is-layout-flow\" style=\"flex-basis:90%\">\n<p class=\"has-text-align-center\">This document was translated with pride by WPS volunteer students and edited by volunteer parents as a service to our community.\u00a0 If you have comments, compliments, or would like to contribute, please contact us at <a href=\"https:\/\/wellesleyps.org\/whs\/staff-directory\/name\/devon-ellis\/\" title=\"Devon Ellis\">Devon Ellis<\/a>.<br>Este documento fue traducido con orgullo por los estudiantes voluntarios de WPS y editado por padres voluntarios como un servicio a nuestra comunidad. Si tienecomentarios, elogios o desea contribuir, cont\u00e1ctenos en\u00a0<a href=\"https:\/\/wellesleyps.org\/whs\/staff-directory\/name\/devon-ellis\/\" title=\"Devon Ellis\">Devon Ellis<\/a>.<\/p>\n\n\n\n<p class=\"has-text-align-center\"><a href=\"https:\/\/wellesleyps.org\/whs\/students\/complete-list-of-clubs\/name\/translation-club\/\">WHS Translation Club<\/a><\/p>\n<\/div>\n<\/div>\n","protected":false},"excerpt":{"rendered":"<p>ENLACE: Haga clic para ver el sitio web de Enfermer\u00eda Informaci\u00f3n de contacto: Ubicada en WHS: Sala 107 \u00bfQu\u00e9 servicios proporcionamos? La oficina de enfermer\u00eda en la escuela secundaria est\u00e1 atendida por dos enfermeras a tiempo completo con varios a\u00f1os&hellip; <a class=\"continue\" href=\"https:\/\/wellesleyps.org\/whs\/students\/whs-available-supports\/nurses-office\/spanish\/\">Continue reading <span> Oficina de Enfermer\u00eda<\/span><\/a><\/p>\n","protected":false},"author":5,"featured_media":0,"parent":2193,"menu_order":6,"comment_status":"closed","ping_status":"closed","template":"","meta":{"_cbd_carousel_blocks":"[]","_monsterinsights_skip_tracking":false,"_monsterinsights_sitenote_active":false,"_monsterinsights_sitenote_note":"","_monsterinsights_sitenote_category":0,"footnotes":""},"class_list":["post-6542","page","type-page","status-publish","hentry","","tg-column-two"],"aioseo_notices":[],"publishpress_future_action":{"enabled":false,"date":"2026-05-14 15:45:47","action":"change-status","newStatus":"draft","terms":[],"taxonomy":"","extraData":[]},"publishpress_future_workflow_manual_trigger":{"enabledWorkflows":[]},"_links":{"self":[{"href":"https:\/\/wellesleyps.org\/whs\/wp-json\/wp\/v2\/pages\/6542","targetHints":{"allow":["GET"]}}],"collection":[{"href":"https:\/\/wellesleyps.org\/whs\/wp-json\/wp\/v2\/pages"}],"about":[{"href":"https:\/\/wellesleyps.org\/whs\/wp-json\/wp\/v2\/types\/page"}],"author":[{"embeddable":true,"href":"https:\/\/wellesleyps.org\/whs\/wp-json\/wp\/v2\/users\/5"}],"replies":[{"embeddable":true,"href":"https:\/\/wellesleyps.org\/whs\/wp-json\/wp\/v2\/comments?post=6542"}],"version-history":[{"count":2,"href":"https:\/\/wellesleyps.org\/whs\/wp-json\/wp\/v2\/pages\/6542\/revisions"}],"predecessor-version":[{"id":6556,"href":"https:\/\/wellesleyps.org\/whs\/wp-json\/wp\/v2\/pages\/6542\/revisions\/6556"}],"up":[{"embeddable":true,"href":"https:\/\/wellesleyps.org\/whs\/wp-json\/wp\/v2\/pages\/2193"}],"wp:attachment":[{"href":"https:\/\/wellesleyps.org\/whs\/wp-json\/wp\/v2\/media?parent=6542"}],"curies":[{"name":"wp","href":"https:\/\/api.w.org\/{rel}","templated":true}]}}