{"id":6574,"date":"2024-03-18T15:17:18","date_gmt":"2024-03-18T19:17:18","guid":{"rendered":"https:\/\/wellesleyps.org\/whs\/?page_id=6574"},"modified":"2024-03-18T15:17:19","modified_gmt":"2024-03-18T19:17:19","slug":"vietnamese","status":"publish","type":"page","link":"https:\/\/wellesleyps.org\/whs\/students\/whs-available-supports\/nurses-office\/vietnamese\/","title":{"rendered":"V\u0103n ph\u00f2ng y t\u00e1"},"content":{"rendered":"\n<p>LINK:&nbsp;<a href=\"https:\/\/sites.google.com\/wellesleyps.org\/nursing\/\">Please click to view the Nursing website<\/a><\/p>\n\n\n\n<h3 class=\"wp-block-heading\">Th\u00f4ng tin li\u00ean l\u1ea1c<\/h3>\n\n\n<div id=\"cn-top\" style=\"position: absolute; top: 0; right: 0;\"><\/div><div class=\"cn-list\" id=\"cn-list\" data-connections-version=\"10.4.66-0.7\"><div class=\"cn-template cn-cmap\" id=\"cn-cmap\" data-template-version=\"5.6\"><div class=\"cn-list-head\">\n<ul class=\"cn-list-actions\">\n\t<li class=\"cn-list-action-item\" id=\"cn-list-action-view_all\"><a rel=\"canonical\" href=\"https:\/\/wellesleyps.org\/whs\/staff-directory\/view\/all\/\">View All<\/a><\/li>\n<\/ul>\n\n\n<form class=\"cn-form\" id=\"cn-cat-select\" method=\"get\"><\/form><\/div>\n<div class=\"cn-list-body\" id=\"cn-list-body\">\n<div class=\"cn-list-row cn-list-item vcard individual nursing\" id=\"krisann-miller\" data-entry-type=\"individual\" data-entry-id=\"739\" data-entry-slug=\"krisann-miller\"><div id=\"entry-id-73969e7c6904d3a7\" class=\"cn-entry cn-entry-cmap-card\" style=\"background-color: #f3f3f3;border: 1px solid #E3E3E3;border-radius: 4px;margin: 8px 0;padding: 10px;position: relative\">\n\n\t<div class=\"cn-left\" style=\"margin-right: 20px\">\n\n\t\t\n\t<\/div> <!-- \/.cn-left -->\n\n\t<div class=\"cn-right\">\n\n\t\t<div style=\"margin-bottom: 5px;\">\n\n\t\t\t<h2><a title=\"Krisann Miller\" href=\"https:\/\/wellesleyps.org\/whs\/staff-directory\/name\/krisann-miller\/\"><span class=\"fn n notranslate\"> <span class=\"given-name\">Krisann<\/span> <span class=\"family-name\">Miller<\/span><\/span><\/a>\n<\/h2>\n\t\t\t\n\t\t<\/div>\n\n\t\t<span class=\"phone-number-block\">\n<span class=\"tel cn-phone-number cn-phone-number-type-workphone\"><span class=\"phone-name\">Phone<\/span><span class=\"cn-separator\">:<\/span> <a class=\"value\" href=\"tel:781-446-6290%20;4610\" value=\"78144662904610\">781-446-6290 ;4610<\/a><span class=\"type\" style=\"display: none;\">work<\/span><\/span>\n<\/span>\n<span class=\"email-address-block\">\n<span class=\"email cn-email-address\"><span class=\"email-name\">Email<\/span><span class=\"cn-separator\">:<\/span> <span class=\"email-address\"><a class=\"value\" title=\"Krisann Miller work email.\" href=\"mailto:millerk@wellesleyps.org\">millerk@wellesleyps.org<\/a><\/span><span class=\"type\" style=\"display: none;\">INTERNET<\/span><\/span>\n<\/span>\n\t<\/div><!-- \/.cn-right -->\n\n\t<div class=\"cn-clear\"><\/div>\n\n\t<div class=\"cn-entry-content-block-list\"><div class=\"cn-entry-content-block cn-entry-content-block-meta\" id=\"cn-entry-content-block-krisann-miller-1\"><h3>Custom Metadata Fields<\/h3><ul class=\"cn-entry-meta\"><li><span class=\"cn-entry-meta-key\">Name of Student Board Members: <\/span><span class=\"cn-entry-meta-value\"><\/span><\/li>\n<li><span class=\"cn-entry-meta-key\">Schedule: <\/span><span class=\"cn-entry-meta-value\"><\/span><\/li>\n<li><span class=\"cn-entry-meta-key\">Description: <\/span><span class=\"cn-entry-meta-value\"><\/span><\/li>\n<\/ul>\n\n<\/div>\n<\/div>\n\n\n\t<div class=\"cn-clear\" style=\"display:table;margin: 10px 0;width:100%;\">\n\t\t<div style=\"display:table-cell;vertical-align:middle;\">\n\t\t\t<div class=\"cn-categories\"><span class=\"cn_category_label\">Categories:<\/span> <span class=\"cn-category-name cn_category cn-category-5 cn-category-nursing\">Nursing<\/span><\/div>\n\t\t<\/div>\n\t\t<div style=\"display:table-cell;text-align:right;vertical-align:middle;\">\n\t\t\t\t\t<\/div>\n\t<\/div>\n\n\t<div class=\"cn-tray-links\">\n\n\t\t<div class=\"cn-left\">\n\t\t\t\t\t<\/div> <!-- \/.cn-left -->\n\n\t\t<div class=\"cn-right\">\n\t\t\t<span class=\"cn-return-to-top\"><a href=\"#cn-top\" title=\"Return to top.\"><img decoding=\"async\" src=\"https:\/\/wellesleyps.org\/whs\/wp-content\/plugins\/connections\/assets\/images\/uparrow.gif\" alt=\"Return to top.\"\/><\/a><\/span>\n\n\t\t<\/div> <!-- \/.cn-right -->\n\t<\/div> <!-- \/.cn-tray-links -->\n\n\t<div class=\"cn-clear\"><\/div>\n\n\t<div class=\"cn-content-tray\">\n\t\t\n\t\t\n\t\t\t<\/div> <!-- \/.cn-content-tray -->\n<\/div>\n\n<\/div>\n<div class=\"cn-list-row-alternate cn-list-item vcard individual nursing\" id=\"pam-sheridan\" data-entry-type=\"individual\" data-entry-id=\"573\" data-entry-slug=\"pam-sheridan\"><div id=\"entry-id-57369e7c69050a5c\" class=\"cn-entry cn-entry-cmap-card\" style=\"background-color: #f3f3f3;border: 1px solid #E3E3E3;border-radius: 4px;margin: 8px 0;padding: 10px;position: relative\">\n\n\t<div class=\"cn-left\" style=\"margin-right: 20px\">\n\n\t\t\n\t<\/div> <!-- \/.cn-left -->\n\n\t<div class=\"cn-right\">\n\n\t\t<div style=\"margin-bottom: 5px;\">\n\n\t\t\t<h2><a title=\"Pam Sheridan\" href=\"https:\/\/wellesleyps.org\/whs\/staff-directory\/name\/pam-sheridan\/\"><span class=\"fn n notranslate\"> <span class=\"given-name\">Pam<\/span> <span class=\"family-name\">Sheridan<\/span><\/span><\/a>\n<\/h2>\n\t\t\t\n\t\t<\/div>\n\n\t\t<span class=\"phone-number-block\">\n<span class=\"tel cn-phone-number cn-phone-number-type-workphone\"><span class=\"phone-name\">Phone<\/span><span class=\"cn-separator\">:<\/span> <a class=\"value\" href=\"tel:781-446-6290%20;4611\" value=\"78144662904611\">781-446-6290 ;4611<\/a><span class=\"type\" style=\"display: none;\">work<\/span><\/span>\n<\/span>\n<span class=\"email-address-block\">\n<span class=\"email cn-email-address\"><span class=\"email-name\">Email<\/span><span class=\"cn-separator\">:<\/span> <span class=\"email-address\"><a class=\"value\" title=\"Pam Sheridan work email.\" href=\"mailto:sheridanp@wellesleyps.org\">sheridanp@wellesleyps.org<\/a><\/span><span class=\"type\" style=\"display: none;\">INTERNET<\/span><\/span>\n<\/span>\n\t<\/div><!-- \/.cn-right -->\n\n\t<div class=\"cn-clear\"><\/div>\n\n\t<div class=\"cn-entry-content-block-list\"><div class=\"cn-entry-content-block cn-entry-content-block-meta\" id=\"cn-entry-content-block-pam-sheridan-1\"><h3>Custom Metadata Fields<\/h3><ul class=\"cn-entry-meta\"><li><span class=\"cn-entry-meta-key\">Name of Student Board Members: <\/span><span class=\"cn-entry-meta-value\"><\/span><\/li>\n<li><span class=\"cn-entry-meta-key\">Schedule: <\/span><span class=\"cn-entry-meta-value\"><\/span><\/li>\n<li><span class=\"cn-entry-meta-key\">Description: <\/span><span class=\"cn-entry-meta-value\"><\/span><\/li>\n<\/ul>\n\n<\/div>\n<\/div>\n\n\n\t<div class=\"cn-clear\" style=\"display:table;margin: 10px 0;width:100%;\">\n\t\t<div style=\"display:table-cell;vertical-align:middle;\">\n\t\t\t<div class=\"cn-categories\"><span class=\"cn_category_label\">Categories:<\/span> <span class=\"cn-category-name cn_category cn-category-5 cn-category-nursing\">Nursing<\/span><\/div>\n\t\t<\/div>\n\t\t<div style=\"display:table-cell;text-align:right;vertical-align:middle;\">\n\t\t\t\t\t<\/div>\n\t<\/div>\n\n\t<div class=\"cn-tray-links\">\n\n\t\t<div class=\"cn-left\">\n\t\t\t\t\t<\/div> <!-- \/.cn-left -->\n\n\t\t<div class=\"cn-right\">\n\t\t\t<span class=\"cn-return-to-top\"><a href=\"#cn-top\" title=\"Return to top.\"><img decoding=\"async\" src=\"https:\/\/wellesleyps.org\/whs\/wp-content\/plugins\/connections\/assets\/images\/uparrow.gif\" alt=\"Return to top.\"\/><\/a><\/span>\n\n\t\t<\/div> <!-- \/.cn-right -->\n\t<\/div> <!-- \/.cn-tray-links -->\n\n\t<div class=\"cn-clear\"><\/div>\n\n\t<div class=\"cn-content-tray\">\n\t\t\n\t\t\n\t\t\t<\/div> <!-- \/.cn-content-tray -->\n<\/div>\n\n<\/div>\n<\/div>\n<div class=\"cn-list-foot\">\n\n<\/div>\n\n<\/div>\n\n<\/div>\n\n\n\n<h3 class=\"wp-block-heading\">N\u1eb1m \u1edf WHS:<\/h3>\n\n\n\n<p>Ph\u00f2ng 107<\/p>\n\n\n\n<h3 class=\"wp-block-heading\">Y t\u00e1 cung c\u1ea5p nh\u1eefng d\u1ecbch v\u1ee5 g\u00ec?<\/h3>\n\n\n\n<p>V\u0103n ph\u00f2ng y t\u00e1 \u1edf trung h\u1ecdc c\u00f3 hai y t\u00e1 l\u00e0m vi\u1ec7c to\u00e0n th\u1eddi gian v\u1edbi nhi\u1ec1u n\u0103m kinh nghi\u1ec7m \u0111i\u1ec1u d\u01b0\u1ee1ng trung h\u1ecdc. N\u1eb1m \u1edf ph\u00f2ng 107, v\u0103n ph\u00f2ng y t\u00e1 n\u1eb1m \u1edf trung t\u00e2m n\u1eb1m ngay ph\u00eda sau v\u0103n ph\u00f2ng ch\u00ednh.\u00a0 Y t\u00e1 c\u1ee7a tr\u01b0\u1eddng gi\u00fap \u0111\u1ee1 h\u1ecdc sinh trong su\u1ed1t ng\u00e0y h\u1ecdc v\u00ec nhi\u1ec1u l\u00fd do bao g\u1ed3m qu\u1ea3n l\u00fd th\u01b0\u01a1ng t\u00edch v\u00e0 b\u1ec7nh t\u1eadt c\u0169ng nh\u01b0 c\u00e1c v\u1ea5n \u0111\u1ec1 x\u00e3 h\u1ed9i v\u00e0 t\u00ecnh c\u1ea3m.<\/p>\n\n\n\n<p>Nh\u1eadn th\u1ee9c \u0111\u01b0\u1ee3c t\u00ednh ch\u1ea5t nh\u1ea1y c\u1ea3m c\u1ee7a nhi\u1ec1u v\u1ea5n \u0111\u1ec1 c\u1ee7a sinh vi\u00ean, vi\u1ec7c th\u00e0nh l\u1eadp v\u0103n ph\u00f2ng y t\u00e1 cho ph\u00e9p b\u1ea3o m\u1eadt, tr\u00f2 chuy\u1ec7n ri\u00eang v\u00e0 ngh\u1ec9 ng\u01a1i khi c\u1ea7n thi\u1ebft.\u00a0 C\u00e1c y t\u00e1 c\u1ee7a tr\u01b0\u1eddng h\u1ee3p t\u00e1c v\u1edbi nh\u1eefng ph\u00f2ng ban kh\u00e1c \u1edf tr\u01b0\u1eddng h\u1ecdc v\u00e0 gi\u1edbi thi\u1ec7u h\u1ecdc sinh \u0111\u1ebfn c\u00e1c ngu\u1ed3n t\u00e0i nguy\u00ean kh\u00e1c c\u1ea3 trong v\u00e0 ngo\u00e0i tr\u01b0\u1eddng.<\/p>\n\n\n\n<p>M\u1ee5c ti\u00eau c\u1ee7a b\u1ea5t k\u1ef3 sinh vi\u00ean n\u00e0o g\u1eb7p ph\u1ea3i trong ph\u00f2ng y t\u1ebf l\u00e0 \u0111\u1ec3 h\u1ed7 tr\u1ee3 sinh vi\u00ean \u0111\u1ec3 h\u1ecd c\u00f3 th\u1ec3 tr\u1edf l\u1ea1i l\u1edbp h\u1ecdc v\u00e0 s\u1eb5n s\u00e0ng h\u1ecdc t\u1eadp.<\/p>\n\n\n\n<hr class=\"wp-block-separator has-alpha-channel-opacity\"\/>\n\n\n\n<div class=\"wp-block-columns is-layout-flex wp-container-core-columns-is-layout-28f84493 wp-block-columns-is-layout-flex\">\n<div class=\"wp-block-column is-layout-flow wp-block-column-is-layout-flow\" style=\"flex-basis:10%\">\n<figure class=\"wp-block-image size-large is-resized\"><img decoding=\"async\" src=\"https:\/\/wellesleyps.org\/wp-content\/uploads\/2021\/03\/512px-WPS_Translate_logo.png\" alt=\"Translation Icon\" class=\"wp-image-8231\" style=\"width:75px;height:75px\"\/><\/figure>\n<\/div>\n\n\n\n<div class=\"wp-block-column is-layout-flow wp-block-column-is-layout-flow\" style=\"flex-basis:90%\">\n<p class=\"has-text-align-center\">This document was translated with pride by WPS volunteer students and edited by volunteer parents as a service to our community.\u00a0 If you have comments, compliments, or would like to contribute, please contact us at <a href=\"https:\/\/wellesleyps.org\/whs\/staff-directory\/name\/devon-ellis\/\" title=\"Devon Ellis\">Devon Ellis<\/a>.<\/p>\n\n\n\n<p class=\"has-text-align-center\"><a href=\"https:\/\/wellesleyps.org\/whs\/students\/complete-list-of-clubs\/name\/translation-club\/\">WHS Translation Club<\/a><\/p>\n<\/div>\n<\/div>\n","protected":false},"excerpt":{"rendered":"<p>LINK:&nbsp;Please click to view the Nursing website Th\u00f4ng tin li\u00ean l\u1ea1c N\u1eb1m \u1edf WHS: Ph\u00f2ng 107 Y t\u00e1 cung c\u1ea5p nh\u1eefng d\u1ecbch v\u1ee5 g\u00ec? V\u0103n ph\u00f2ng y t\u00e1 \u1edf trung h\u1ecdc c\u00f3 hai y t\u00e1 l\u00e0m vi\u1ec7c to\u00e0n th\u1eddi gian&hellip; <a class=\"continue\" href=\"https:\/\/wellesleyps.org\/whs\/students\/whs-available-supports\/nurses-office\/vietnamese\/\">Continue reading <span> V\u0103n ph\u00f2ng y t\u00e1<\/span><\/a><\/p>\n","protected":false},"author":5,"featured_media":0,"parent":2193,"menu_order":7,"comment_status":"closed","ping_status":"closed","template":"","meta":{"_cbd_carousel_blocks":"[]","_monsterinsights_skip_tracking":false,"_monsterinsights_sitenote_active":false,"_monsterinsights_sitenote_note":"","_monsterinsights_sitenote_category":0,"footnotes":""},"class_list":["post-6574","page","type-page","status-publish","hentry","","tg-column-two"],"aioseo_notices":[],"publishpress_future_action":{"enabled":false,"date":"2026-05-21 14:48:48","action":"change-status","newStatus":"draft","terms":[],"taxonomy":"","extraData":[]},"publishpress_future_workflow_manual_trigger":{"enabledWorkflows":[]},"_links":{"self":[{"href":"https:\/\/wellesleyps.org\/whs\/wp-json\/wp\/v2\/pages\/6574","targetHints":{"allow":["GET"]}}],"collection":[{"href":"https:\/\/wellesleyps.org\/whs\/wp-json\/wp\/v2\/pages"}],"about":[{"href":"https:\/\/wellesleyps.org\/whs\/wp-json\/wp\/v2\/types\/page"}],"author":[{"embeddable":true,"href":"https:\/\/wellesleyps.org\/whs\/wp-json\/wp\/v2\/users\/5"}],"replies":[{"embeddable":true,"href":"https:\/\/wellesleyps.org\/whs\/wp-json\/wp\/v2\/comments?post=6574"}],"version-history":[{"count":1,"href":"https:\/\/wellesleyps.org\/whs\/wp-json\/wp\/v2\/pages\/6574\/revisions"}],"predecessor-version":[{"id":6575,"href":"https:\/\/wellesleyps.org\/whs\/wp-json\/wp\/v2\/pages\/6574\/revisions\/6575"}],"up":[{"embeddable":true,"href":"https:\/\/wellesleyps.org\/whs\/wp-json\/wp\/v2\/pages\/2193"}],"wp:attachment":[{"href":"https:\/\/wellesleyps.org\/whs\/wp-json\/wp\/v2\/media?parent=6574"}],"curies":[{"name":"wp","href":"https:\/\/api.w.org\/{rel}","templated":true}]}}