{"id":9355,"date":"2025-11-20T14:39:32","date_gmt":"2025-11-20T19:39:32","guid":{"rendered":"https:\/\/wellesleyps.org\/whs\/?page_id=9355"},"modified":"2025-11-20T14:48:08","modified_gmt":"2025-11-20T19:48:08","slug":"spanish","status":"publish","type":"page","link":"https:\/\/wellesleyps.org\/whs\/employment-work-permit-guidelines-for-14-17-year-old-workers\/spanish\/","title":{"rendered":"Proceso de permiso de trabajo"},"content":{"rendered":"\n<p>Seg\u00fan las <a href=\"https:\/\/www.mass.gov\/service-details\/massachusetts-laws-regulating-minors-work-hours\">Leyes Generales de Massachusetts<\/a>, las personas menores de 18 a\u00f1os deben obtener un permiso de trabajo de su superintendente local antes de comenzar un nuevo empleo. En Wellesley, el Superintendente ha designado a la Secretaria de <strong>Orientaci\u00f3n de WHS, Lucretia Burns, para gestionar el proceso de permisos de trabajo.<\/strong><\/p>\n\n\n\n<p>Comun\u00edquese con la Sra. Burns para una cita <strong>SOLO despu\u00e9s de completar los siguientes pasos:<\/strong><\/p>\n\n\n\n<ol class=\"wp-block-list\">\n<li>Descargue la Solicitud de <a href=\"https:\/\/drive.google.com\/file\/d\/1ZCche62hROWsJ59i5L7AhLy6n4CGYDnt\/view?usp=sharing\">Permiso de Empleo Juvenil<\/a> y el <a href=\"https:\/\/drive.google.com\/file\/d\/12EInKj6J-82dfmC_Oax10FTxo2l86tIF\/view?usp=sharing\">Proceso de Permiso de Empleo Juvenil<\/a>. Tambi\u00e9n puede acceder a estos formularios en <a href=\"https:\/\/drive.google.com\/file\/d\/11dqziXhDPAUA7uTdZwZ-47dfglbAMq8M\/view?usp=sharing\">espa\u00f1ol<\/a> (Espa\u00f1ol), <a href=\"https:\/\/drive.google.com\/file\/d\/10LzhEeGnd6uLiyqf7n1uffDwA8tdWuB9\/view?usp=sharing\">portugu\u00e9s<\/a> (Portugu\u00eas), <a href=\"https:\/\/drive.google.com\/file\/d\/1j8V9V-TgW3E1-CZdPevHE1Q2KVx4BDMg\/view?usp=sharing\">chino<\/a> (\u4e2d\u56fd\u4eba) y <a href=\"https:\/\/drive.google.com\/file\/d\/1TLmC_9c2yGrqfIc7KZTDRQxv1FGHS7mB\/view?usp=sharing\">vietnamita<\/a> (Ti\u1ebfng Vi\u1ec7t).<\/li>\n\n\n\n<li>Una vez que un empleador haga una oferta de trabajo, este debe completar y firmar la secci\u00f3n \u201cPromesa de Empleo\u201d.<\/li>\n\n\n\n<li><strong>Para estudiantes de 14 y 15 a\u00f1os \u00fanicamente:<\/strong> Su m\u00e9dico debe completar el Certificado de Salud del M\u00e9dico, el cual debe estar firmado dentro de los 12 meses previos a la fecha en que se presente la solicitud en la escuela para la emisi\u00f3n del permiso. No se aceptar\u00e1 una copia de un informe de examen f\u00edsico.<\/li>\n\n\n\n<li><strong>Si no es estudiante de Wellesley Public Schools:<\/strong> Si no est\u00e1 inscrito en WPS, debe proporcionar una carta de su escuela actual que indique su estado de inscripci\u00f3n. Esta carta debe estar en el membrete oficial de su escuela.<\/li>\n\n\n\n<li>Tanto el futuro empleado como un padre, tutor o encargado deben firmar el formulario de permiso.<\/li>\n\n\n\n<li>El formulario de permiso debe enviarse junto con <strong>uno<\/strong> de los siguientes documentos:<\/li>\n<\/ol>\n\n\n\n<ul class=\"wp-block-list\">\n<li>Licencia de conducir de Massachusetts<\/li>\n\n\n\n<li>Permiso de aprendizaje de Massachusetts<\/li>\n\n\n\n<li>Certificado de nacimiento<\/li>\n\n\n\n<li>Pasaporte<\/li>\n<\/ul>\n\n\n\n<p>Una vez que tenga todas las firmas y documentos correspondientes, comun\u00edquese con la <strong>Secretaria de Orientaci\u00f3n de WHS, Lucretia Burns, a trav\u00e9s del correo electr\u00f3nico burnsl@wellesleyps.org<\/strong> o al tel\u00e9fono <strong>781-446-6290, ext. 4601<\/strong>, para programar una cita y presentar su documentaci\u00f3n.<strong>Nota:<\/strong> La emisi\u00f3n del permiso de trabajo puede tardar hasta <strong>5 d\u00edas<\/strong> despu\u00e9s de presentar la documentaci\u00f3n, por lo que se recomienda coordinar su fecha de inicio de trabajo de acuerdo con este plazo.<\/p>\n\n\n\n<p>Consulte <a href=\"https:\/\/www.mass.gov\/service-details\/youth-employment-permit-information\"><strong>Mass.gov<\/strong><\/a> y el <a href=\"https:\/\/wellesleyps.org\/whs\/wp-content\/uploads\/sites\/17\/2020\/08\/YouthPermitProcess.pdf\"><strong>Diagrama de Flujo del Proceso de Permiso Juvenil<\/strong><\/a> para obtener m\u00e1s informaci\u00f3n.<\/p>\n\n\n\n<hr class=\"wp-block-separator has-alpha-channel-opacity\"\/>\n\n\n\n<div class=\"wp-block-columns is-layout-flex wp-container-core-columns-is-layout-28f84493 wp-block-columns-is-layout-flex\">\n<div class=\"wp-block-column is-layout-flow wp-block-column-is-layout-flow\" style=\"flex-basis:10%\">\n<figure class=\"wp-block-image size-large is-resized\"><img decoding=\"async\" src=\"https:\/\/wellesleyps.org\/wp-content\/uploads\/2021\/03\/512px-WPS_Translate_logo.png\" alt=\"Translation Icon\" class=\"wp-image-8231\" style=\"width:75px;height:75px\"\/><\/figure>\n<\/div>\n\n\n\n<div class=\"wp-block-column is-layout-flow wp-block-column-is-layout-flow\" style=\"flex-basis:90%\">\n<p class=\"has-text-align-center\">This document was translated with pride by WPS volunteer students and edited by volunteer parents as a service to our community.\u00a0 If you have comments, compliments, or would like to contribute, please contact us at <a href=\"https:\/\/wellesleyps.org\/whs\/staff-directory\/name\/devon-ellis\/\" title=\"Devon Ellis\">Devon Ellis<\/a>.<br>Este documento fue traducido con orgullo por los estudiantes voluntarios de WPS y editado por padres voluntarios como un servicio a nuestra comunidad. Si tienecomentarios, elogios o desea contribuir, cont\u00e1ctenos en\u00a0<a href=\"https:\/\/wellesleyps.org\/whs\/staff-directory\/name\/devon-ellis\/\" title=\"Devon Ellis\">Devon Ellis<\/a>.<\/p>\n\n\n\n<p class=\"has-text-align-center\"><a href=\"https:\/\/wellesleyps.org\/whs\/students\/complete-list-of-clubs\/name\/translation-club\/\">WHS Translation Club<\/a><\/p>\n<\/div>\n<\/div>\n\n\n\n<p><\/p>\n","protected":false},"excerpt":{"rendered":"<p>Seg\u00fan las Leyes Generales de Massachusetts, las personas menores de 18 a\u00f1os deben obtener un permiso de trabajo de su superintendente local antes de comenzar un nuevo empleo. En Wellesley, el Superintendente ha designado a la Secretaria de Orientaci\u00f3n de&hellip; <a class=\"continue\" href=\"https:\/\/wellesleyps.org\/whs\/employment-work-permit-guidelines-for-14-17-year-old-workers\/spanish\/\">Continue reading <span> Proceso de permiso de trabajo<\/span><\/a><\/p>\n","protected":false},"author":5,"featured_media":0,"parent":3387,"menu_order":6,"comment_status":"closed","ping_status":"closed","template":"","meta":{"_cbd_carousel_blocks":"[]","_monsterinsights_skip_tracking":false,"_monsterinsights_sitenote_active":false,"_monsterinsights_sitenote_note":"","_monsterinsights_sitenote_category":0,"footnotes":""},"class_list":["post-9355","page","type-page","status-publish","hentry","","tg-column-two"],"aioseo_notices":[],"publishpress_future_action":{"enabled":false,"date":"2026-05-14 08:39:16","action":"change-status","newStatus":"draft","terms":[],"taxonomy":"","extraData":[]},"publishpress_future_workflow_manual_trigger":{"enabledWorkflows":[]},"_links":{"self":[{"href":"https:\/\/wellesleyps.org\/whs\/wp-json\/wp\/v2\/pages\/9355","targetHints":{"allow":["GET"]}}],"collection":[{"href":"https:\/\/wellesleyps.org\/whs\/wp-json\/wp\/v2\/pages"}],"about":[{"href":"https:\/\/wellesleyps.org\/whs\/wp-json\/wp\/v2\/types\/page"}],"author":[{"embeddable":true,"href":"https:\/\/wellesleyps.org\/whs\/wp-json\/wp\/v2\/users\/5"}],"replies":[{"embeddable":true,"href":"https:\/\/wellesleyps.org\/whs\/wp-json\/wp\/v2\/comments?post=9355"}],"version-history":[{"count":1,"href":"https:\/\/wellesleyps.org\/whs\/wp-json\/wp\/v2\/pages\/9355\/revisions"}],"predecessor-version":[{"id":9356,"href":"https:\/\/wellesleyps.org\/whs\/wp-json\/wp\/v2\/pages\/9355\/revisions\/9356"}],"up":[{"embeddable":true,"href":"https:\/\/wellesleyps.org\/whs\/wp-json\/wp\/v2\/pages\/3387"}],"wp:attachment":[{"href":"https:\/\/wellesleyps.org\/whs\/wp-json\/wp\/v2\/media?parent=9355"}],"curies":[{"name":"wp","href":"https:\/\/api.w.org\/{rel}","templated":true}]}}